{"id":1143,"date":"2022-05-27T09:09:38","date_gmt":"2022-05-27T09:09:38","guid":{"rendered":"https:\/\/schkola-ru.com\/kinder-vokalensemble\/"},"modified":"2023-08-07T13:36:52","modified_gmt":"2023-08-07T13:36:52","slug":"kinder-vokalensemble","status":"publish","type":"page","link":"https:\/\/schkola-ru.com\/de\/kinder-vokalensemble\/","title":{"rendered":"Kinder-Vokalensemble"},"content":{"rendered":"\t\t<div data-elementor-type=\"wp-page\" data-elementor-id=\"1143\" class=\"elementor elementor-1143 elementor-105\" data-elementor-post-type=\"page\">\n\t\t\t\t\t\t<section class=\"elementor-section elementor-top-section elementor-element elementor-element-5524e53 elementor-section-boxed elementor-section-height-default elementor-section-height-default\" data-id=\"5524e53\" data-element_type=\"section\" data-settings=\"{&quot;background_background&quot;:&quot;classic&quot;}\">\n\t\t\t\t\t\t<div class=\"elementor-container elementor-column-gap-default\">\n\t\t\t\t\t<div class=\"elementor-column elementor-col-100 elementor-top-column elementor-element elementor-element-7d89ae2\" data-id=\"7d89ae2\" data-element_type=\"column\">\n\t\t\t<div class=\"elementor-widget-wrap elementor-element-populated\">\n\t\t\t\t\t\t<div class=\"elementor-element elementor-element-c9d7d0b elementor-widget elementor-widget-heading\" data-id=\"c9d7d0b\" data-element_type=\"widget\" data-widget_type=\"heading.default\">\n\t\t\t\t<div class=\"elementor-widget-container\">\n\t\t\t\t\t<h2 class=\"elementor-heading-title elementor-size-default\">Russisch durch darstellendes Spiel<\/h2>\t\t\t\t<\/div>\n\t\t\t\t<\/div>\n\t\t\t\t\t<\/div>\n\t\t<\/div>\n\t\t\t\t\t<\/div>\n\t\t<\/section>\n\t\t\t\t<section class=\"elementor-section elementor-top-section elementor-element elementor-element-ef3d7f7 elementor-section-boxed elementor-section-height-default elementor-section-height-default\" data-id=\"ef3d7f7\" data-element_type=\"section\">\n\t\t\t\t\t\t<div class=\"elementor-container elementor-column-gap-default\">\n\t\t\t\t\t<div class=\"elementor-column elementor-col-50 elementor-top-column elementor-element elementor-element-6497ac2\" data-id=\"6497ac2\" data-element_type=\"column\" data-settings=\"{&quot;background_background&quot;:&quot;classic&quot;}\">\n\t\t\t<div class=\"elementor-widget-wrap elementor-element-populated\">\n\t\t\t\t\t\t<div class=\"elementor-element elementor-element-b4cde2b elementor-widget elementor-widget-heading\" data-id=\"b4cde2b\" data-element_type=\"widget\" data-widget_type=\"heading.default\">\n\t\t\t\t<div class=\"elementor-widget-container\">\n\t\t\t\t\t<h2 class=\"elementor-heading-title elementor-size-default\">Singen ist ein H\u00f6henflug und eine gro\u00dfartige Laune, es ist Vertrauen in die eigenen F\u00e4higkeiten und ein Gef\u00fchl der Zusammengeh\u00f6rigkeit mit Freunden. Singen ist eine tiefe Wahrnehmung der Welt um uns herum!<\/h2>\t\t\t\t<\/div>\n\t\t\t\t<\/div>\n\t\t\t\t<div class=\"elementor-element elementor-element-8ee84b8 elementor-widget elementor-widget-text-editor\" data-id=\"8ee84b8\" data-element_type=\"widget\" data-widget_type=\"text-editor.default\">\n\t\t\t\t<div class=\"elementor-widget-container\">\n\t\t\t\t\t\t\t\t\t<p>Wir l\u00e4den die Kinder zu einer faszinierenden musikalischen Reise ein, welche voller Freude und guter Lieder ist!<\/p>\t\t\t\t\t\t\t\t<\/div>\n\t\t\t\t<\/div>\n\t\t\t\t<div class=\"elementor-element elementor-element-cb082d5 elementor-widget elementor-widget-image\" data-id=\"cb082d5\" data-element_type=\"widget\" data-widget_type=\"image.default\">\n\t\t\t\t<div class=\"elementor-widget-container\">\n\t\t\t\t\t\t\t\t\t\t\t\t\t\t\t<img fetchpriority=\"high\" decoding=\"async\" width=\"1024\" height=\"682\" src=\"https:\/\/schkola-ru.com\/wp-content\/uploads\/2022\/04\/c993d3c3-33cf-4423-9712-20f7d7d7d8a0-1024x682.jpg\" class=\"attachment-large size-large wp-image-162\" alt=\"\" srcset=\"https:\/\/schkola-ru.com\/wp-content\/uploads\/2022\/04\/c993d3c3-33cf-4423-9712-20f7d7d7d8a0-1024x682.jpg 1024w, https:\/\/schkola-ru.com\/wp-content\/uploads\/2022\/04\/c993d3c3-33cf-4423-9712-20f7d7d7d8a0-300x200.jpg 300w, https:\/\/schkola-ru.com\/wp-content\/uploads\/2022\/04\/c993d3c3-33cf-4423-9712-20f7d7d7d8a0-768x512.jpg 768w, https:\/\/schkola-ru.com\/wp-content\/uploads\/2022\/04\/c993d3c3-33cf-4423-9712-20f7d7d7d8a0-1536x1023.jpg 1536w, https:\/\/schkola-ru.com\/wp-content\/uploads\/2022\/04\/c993d3c3-33cf-4423-9712-20f7d7d7d8a0.jpg 1600w\" sizes=\"(max-width: 1024px) 100vw, 1024px\" \/>\t\t\t\t\t\t\t\t\t\t\t\t\t\t\t<\/div>\n\t\t\t\t<\/div>\n\t\t\t\t\t<\/div>\n\t\t<\/div>\n\t\t\t\t<div class=\"elementor-column elementor-col-50 elementor-top-column elementor-element elementor-element-439fd40\" data-id=\"439fd40\" data-element_type=\"column\">\n\t\t\t<div class=\"elementor-widget-wrap elementor-element-populated\">\n\t\t\t\t\t\t<div class=\"elementor-element elementor-element-a89213f elementor-invisible elementor-widget elementor-widget-heading\" data-id=\"a89213f\" data-element_type=\"widget\" data-settings=\"{&quot;_animation&quot;:&quot;fadeInRight&quot;}\" data-widget_type=\"heading.default\">\n\t\t\t\t<div class=\"elementor-widget-container\">\n\t\t\t\t\t<h2 class=\"elementor-heading-title elementor-size-default\">Unser Unterricht besteht aus Gesang, spa\u00dfigen \u00dcbungen, Trainings und Spielen. Im Zuge dieser Aktivit\u00e4ten passiert Folgendes:<\/h2>\t\t\t\t<\/div>\n\t\t\t\t<\/div>\n\t\t\t\t<div class=\"elementor-element elementor-element-dadead2 elementor-widget elementor-widget-text-editor\" data-id=\"dadead2\" data-element_type=\"widget\" data-widget_type=\"text-editor.default\">\n\t\t\t\t<div class=\"elementor-widget-container\">\n\t\t\t\t\t\t\t\t\t<ul><li>Wir entwickeln Gesangsf\u00e4higkeiten, Rhythmusgef\u00fchl und Geh\u00f6r f\u00fcr Musik<\/li><li>Wir achten beim Singen auf die richtige Atmung, Aussprache und Artikulation<\/li><li>Erlernen der Grundlagen der Notenschrift<\/li><li>Wir singen Kinderlieder<\/li><li>Entwickeln musikalischen und \u00e4sthetischen Geschmack, kreative F\u00e4higkeiten<\/li><li>Kinderlieder lernen und singen<\/li><li>Wir bereiten uns aktiv auf Auftritte vor<\/li><\/ul><p><strong>Und das Wichtigste: Wir haben Spa\u00df Musik und genie\u00dfen die kreative Entfaltung!<\/strong><\/p>\t\t\t\t\t\t\t\t<\/div>\n\t\t\t\t<\/div>\n\t\t\t\t<div class=\"elementor-element elementor-element-c1ed036 elementor-widget elementor-widget-text-editor\" data-id=\"c1ed036\" data-element_type=\"widget\" data-widget_type=\"text-editor.default\">\n\t\t\t\t<div class=\"elementor-widget-container\">\n\t\t\t\t\t\t\t\t\t<p>Alter: ab 5 Jahre <br \/>Anzahl der Kinder in der Gruppe: von 7 bis 12<br \/>Unterrichtsdauer \u2013 60 min.<br \/>Der Unterricht findet jeden Freitags statt: 16:30-17:30<br \/>Unkostenbeitrag: \u20ac 190,- pro Semester<\/p>\t\t\t\t\t\t\t\t<\/div>\n\t\t\t\t<\/div>\n\t\t\t\t<div class=\"elementor-element elementor-element-315e325 elementor-align-left elementor-widget elementor-widget-button\" data-id=\"315e325\" data-element_type=\"widget\" data-widget_type=\"button.default\">\n\t\t\t\t<div class=\"elementor-widget-container\">\n\t\t\t\t\t\t\t\t\t<div class=\"elementor-button-wrapper\">\n\t\t\t\t\t<a class=\"elementor-button elementor-button-link elementor-size-sm elementor-animation-bob\" href=\"#contacts\">\n\t\t\t\t\t\t<span class=\"elementor-button-content-wrapper\">\n\t\t\t\t\t\t\t\t\t<span class=\"elementor-button-text\">Anmeldung zur Schnupperstunde<\/span>\n\t\t\t\t\t<\/span>\n\t\t\t\t\t<\/a>\n\t\t\t\t<\/div>\n\t\t\t\t\t\t\t\t<\/div>\n\t\t\t\t<\/div>\n\t\t\t\t\t<\/div>\n\t\t<\/div>\n\t\t\t\t\t<\/div>\n\t\t<\/section>\n\t\t\t\t<\/div>\n\t\t","protected":false},"excerpt":{"rendered":"<p>Russisch durch darstellendes Spiel Singen ist ein H\u00f6henflug und eine gro\u00dfartige Laune, es ist Vertrauen in die eigenen F\u00e4higkeiten und ein Gef\u00fchl der Zusammengeh\u00f6rigkeit mit Freunden. Singen ist eine tiefe Wahrnehmung der Welt um uns herum! Wir l\u00e4den die Kinder zu einer faszinierenden musikalischen Reise ein, welche voller Freude und guter Lieder ist! Unser Unterricht [&hellip;]<\/p>\n","protected":false},"author":1,"featured_media":0,"parent":0,"menu_order":0,"comment_status":"closed","ping_status":"closed","template":"","meta":{"ocean_post_layout":"full-screen","ocean_both_sidebars_style":"","ocean_both_sidebars_content_width":0,"ocean_both_sidebars_sidebars_width":0,"ocean_sidebar":"","ocean_second_sidebar":"","ocean_disable_margins":"enable","ocean_add_body_class":"","ocean_shortcode_before_top_bar":"","ocean_shortcode_after_top_bar":"","ocean_shortcode_before_header":"","ocean_shortcode_after_header":"","ocean_has_shortcode":"","ocean_shortcode_after_title":"","ocean_shortcode_before_footer_widgets":"","ocean_shortcode_after_footer_widgets":"","ocean_shortcode_before_footer_bottom":"","ocean_shortcode_after_footer_bottom":"","ocean_display_top_bar":"default","ocean_display_header":"default","ocean_header_style":"","ocean_center_header_left_menu":"","ocean_custom_header_template":"","ocean_custom_logo":0,"ocean_custom_retina_logo":0,"ocean_custom_logo_max_width":0,"ocean_custom_logo_tablet_max_width":0,"ocean_custom_logo_mobile_max_width":0,"ocean_custom_logo_max_height":0,"ocean_custom_logo_tablet_max_height":0,"ocean_custom_logo_mobile_max_height":0,"ocean_header_custom_menu":"","ocean_menu_typo_font_family":"","ocean_menu_typo_font_subset":"","ocean_menu_typo_font_size":0,"ocean_menu_typo_font_size_tablet":0,"ocean_menu_typo_font_size_mobile":0,"ocean_menu_typo_font_size_unit":"px","ocean_menu_typo_font_weight":"","ocean_menu_typo_font_weight_tablet":"","ocean_menu_typo_font_weight_mobile":"","ocean_menu_typo_transform":"","ocean_menu_typo_transform_tablet":"","ocean_menu_typo_transform_mobile":"","ocean_menu_typo_line_height":0,"ocean_menu_typo_line_height_tablet":0,"ocean_menu_typo_line_height_mobile":0,"ocean_menu_typo_line_height_unit":"","ocean_menu_typo_spacing":0,"ocean_menu_typo_spacing_tablet":0,"ocean_menu_typo_spacing_mobile":0,"ocean_menu_typo_spacing_unit":"","ocean_menu_link_color":"","ocean_menu_link_color_hover":"","ocean_menu_link_color_active":"","ocean_menu_link_background":"","ocean_menu_link_hover_background":"","ocean_menu_link_active_background":"","ocean_menu_social_links_bg":"","ocean_menu_social_hover_links_bg":"","ocean_menu_social_links_color":"","ocean_menu_social_hover_links_color":"","ocean_disable_title":"default","ocean_disable_heading":"default","ocean_post_title":"","ocean_post_subheading":"","ocean_post_title_style":"","ocean_post_title_background_color":"","ocean_post_title_background":0,"ocean_post_title_bg_image_position":"","ocean_post_title_bg_image_attachment":"","ocean_post_title_bg_image_repeat":"","ocean_post_title_bg_image_size":"","ocean_post_title_height":0,"ocean_post_title_bg_overlay":0.5,"ocean_post_title_bg_overlay_color":"","ocean_disable_breadcrumbs":"default","ocean_breadcrumbs_color":"","ocean_breadcrumbs_separator_color":"","ocean_breadcrumbs_links_color":"","ocean_breadcrumbs_links_hover_color":"","ocean_display_footer_widgets":"default","ocean_display_footer_bottom":"default","ocean_custom_footer_template":"","footnotes":""},"class_list":["post-1143","page","type-page","status-publish","hentry","entry"],"_links":{"self":[{"href":"https:\/\/schkola-ru.com\/de\/wp-json\/wp\/v2\/pages\/1143","targetHints":{"allow":["GET"]}}],"collection":[{"href":"https:\/\/schkola-ru.com\/de\/wp-json\/wp\/v2\/pages"}],"about":[{"href":"https:\/\/schkola-ru.com\/de\/wp-json\/wp\/v2\/types\/page"}],"author":[{"embeddable":true,"href":"https:\/\/schkola-ru.com\/de\/wp-json\/wp\/v2\/users\/1"}],"replies":[{"embeddable":true,"href":"https:\/\/schkola-ru.com\/de\/wp-json\/wp\/v2\/comments?post=1143"}],"version-history":[{"count":0,"href":"https:\/\/schkola-ru.com\/de\/wp-json\/wp\/v2\/pages\/1143\/revisions"}],"wp:attachment":[{"href":"https:\/\/schkola-ru.com\/de\/wp-json\/wp\/v2\/media?parent=1143"}],"curies":[{"name":"wp","href":"https:\/\/api.w.org\/{rel}","templated":true}]}}